{"id":214,"date":"2023-10-22T17:38:37","date_gmt":"2023-10-22T17:38:37","guid":{"rendered":"https:\/\/bfastman.ch\/?page_id=214"},"modified":"2024-01-06T14:19:18","modified_gmt":"2024-01-06T14:19:18","slug":"upgrade-milizsystem","status":"publish","type":"page","link":"https:\/\/bfastman.ch\/index.php\/portfolio\/upgrade-milizsystem\/","title":{"rendered":"Upgrade Milizsystem"},"content":{"rendered":"<p>[et_pb_section fb_built=&#187;1&#8243; _builder_version=&#187;4.22.2&#8243; global_colors_info=&#187;{}&#187;][et_pb_row _builder_version=&#187;4.22.2&#8243; background_size=&#187;initial&#187; background_position=&#187;top_left&#187; background_repeat=&#187;repeat&#187; min_height=&#187;301px&#187; custom_margin=&#187;|auto|-153px|auto||&#187; custom_padding=&#187;64px||5px|||&#187; global_colors_info=&#187;{}&#187;][et_pb_column type=&#187;4_4&#8243; _builder_version=&#187;4.16&#8243; custom_padding=&#187;|||&#187; global_colors_info=&#187;{}&#187; custom_padding__hover=&#187;|||&#187;][et_pb_heading title=&#187;Braucht unser Milizsystem ein Upgrade?&#187; _builder_version=&#187;4.22.2&#8243; _module_preset=&#187;default&#187; title_font=&#187;Montserrat|800|||||||&#187; title_text_align=&#187;center&#187; title_text_color=&#187;#000000&#8243; title_font_size=&#187;50px&#187; custom_margin=&#187;||7px|||&#187; title_font_size_tablet=&#187;50px&#187; title_font_size_phone=&#187;33px&#187; title_font_size_last_edited=&#187;on|phone&#187; global_colors_info=&#187;{}&#187;][\/et_pb_heading][\/et_pb_column][\/et_pb_row][et_pb_row _builder_version=&#187;4.22.2&#8243; _module_preset=&#187;default&#187; global_colors_info=&#187;{}&#187;][et_pb_column type=&#187;4_4&#8243; _builder_version=&#187;4.22.2&#8243; _module_preset=&#187;default&#187; global_colors_info=&#187;{}&#187;][et_pb_text content_tablet=&#187;<\/p>\n<p style=%22text-align: left;%22>In diesem Schulprojekt ging es darum, einen selbstverfassten, nonfiktionalen Text zu schreiben und anschliessend einen passenden Rahmen zu gestalten. Ich hatte entschieden, mich am Design des Dienstb\u00fcchleins zu orientieren. Egal welche Art von Dienst geleistet wird, jeder ist in Besitz dieses B\u00fcchleins, das pers\u00f6nliche Angaben, geleistete Diensttage, gefasstes Material und die k\u00f6rperliche Leistungsf\u00e4higkeit festh\u00e4lt.<\/p>\n<p>&#187; content_phone=&#187;<\/p>\n<p style=%22text-align: left;%22>In diesem Schulprojekt ging es darum, einen selbstverfassten, nonfiktionalen Text zu schreiben und anschliessend einen passenden Rahmen zu gestalten. Ich hatte entschieden, mich am Design des Dienstb\u00fcchleins zu orientieren. Egal welche Art von Dienst geleistet wird, jeder ist in Besitz dieses B\u00fcchleins, das pers\u00f6nliche Angaben, geleistete Diensttage, gefasstes Material und die k\u00f6rperliche Leistungsf\u00e4higkeit festh\u00e4lt.<\/p>\n<p>&#187; content_last_edited=&#187;on|tablet&#187; _builder_version=&#187;4.22.2&#8243; _module_preset=&#187;default&#187; text_font=&#187;Montserrat||||||||&#187; text_font_size=&#187;18px&#187; text_orientation=&#187;center&#187; custom_margin=&#187;32px||0px|||&#187; hover_enabled=&#187;0&#8243; text_font_size_tablet=&#187;18px&#187; text_font_size_phone=&#187;12px&#187; text_font_size_last_edited=&#187;on|phone&#187; global_colors_info=&#187;{}&#187; sticky_enabled=&#187;0&#8243;]<\/p>\n<p style=\"text-align: left;\">In diesem Schulprojekt ging es darum, einen selbstverfassten, nonfiktionalen Text zu schreiben und anschliessend einen passenden Rahmen zu gestalten. Ich hatte entschieden, mich am Design des Dienstb\u00fcchleins zu orientieren. Egal welche Art von Dienst geleistet wird, jeder ist in Besitz dieses B\u00fcchleins, das pers\u00f6nliche Angaben, geleistete Diensttage, gefasstes Material und die k\u00f6rperliche Leistungsf\u00e4higkeit festh\u00e4lt.<\/p>\n<p>[\/et_pb_text][\/et_pb_column][\/et_pb_row][et_pb_row _builder_version=&#187;4.22.2&#8243; _module_preset=&#187;default&#187; global_colors_info=&#187;{}&#187;][et_pb_column type=&#187;4_4&#8243; _builder_version=&#187;4.22.2&#8243; _module_preset=&#187;default&#187; global_colors_info=&#187;{}&#187;][et_pb_button button_url=&#187;https:\/\/indd.adobe.com\/view\/7ba9288e-822b-44d8-9cd6-6901ef2f2c35&#8243; url_new_window=&#187;on&#187; button_text=&#187;Zum Design&#187; button_alignment=&#187;center&#187; _builder_version=&#187;4.22.2&#8243; _module_preset=&#187;default&#187; custom_button=&#187;on&#187; button_text_size=&#187;25px&#187; button_text_color=&#187;#FFFFFF&#187; button_bg_color=&#187;#000000&#8243; button_border_radius=&#187;40px&#187; button_font=&#187;Montserrat|700|||||||&#187; background_layout=&#187;dark&#187; custom_padding=&#187;0px||0px|||&#187; global_colors_info=&#187;{}&#187;][\/et_pb_button][\/et_pb_column][\/et_pb_row][\/et_pb_section]<\/p>\n","protected":false},"excerpt":{"rendered":"<p>In diesem Schulprojekt ging es darum, einen selbstverfassten, nonfiktionalen Text zu schreiben und anschliessend einen passenden Rahmen zu gestalten. Ich hatte entschieden, mich am Design des Dienstb\u00fcchleins zu orientieren. Egal welche Art von Dienst geleistet wird, jeder ist in Besitz dieses B\u00fcchleins, das pers\u00f6nliche Angaben, geleistete Diensttage, gefasstes Material und die k\u00f6rperliche Leistungsf\u00e4higkeit festh\u00e4lt.<\/p>\n","protected":false},"author":1,"featured_media":0,"parent":33,"menu_order":1,"comment_status":"closed","ping_status":"closed","template":"","meta":{"_et_pb_use_builder":"on","_et_pb_old_content":"","_et_gb_content_width":"","footnotes":""},"class_list":["post-214","page","type-page","status-publish","hentry"],"_links":{"self":[{"href":"https:\/\/bfastman.ch\/index.php\/wp-json\/wp\/v2\/pages\/214","targetHints":{"allow":["GET"]}}],"collection":[{"href":"https:\/\/bfastman.ch\/index.php\/wp-json\/wp\/v2\/pages"}],"about":[{"href":"https:\/\/bfastman.ch\/index.php\/wp-json\/wp\/v2\/types\/page"}],"author":[{"embeddable":true,"href":"https:\/\/bfastman.ch\/index.php\/wp-json\/wp\/v2\/users\/1"}],"replies":[{"embeddable":true,"href":"https:\/\/bfastman.ch\/index.php\/wp-json\/wp\/v2\/comments?post=214"}],"version-history":[{"count":10,"href":"https:\/\/bfastman.ch\/index.php\/wp-json\/wp\/v2\/pages\/214\/revisions"}],"predecessor-version":[{"id":288,"href":"https:\/\/bfastman.ch\/index.php\/wp-json\/wp\/v2\/pages\/214\/revisions\/288"}],"up":[{"embeddable":true,"href":"https:\/\/bfastman.ch\/index.php\/wp-json\/wp\/v2\/pages\/33"}],"wp:attachment":[{"href":"https:\/\/bfastman.ch\/index.php\/wp-json\/wp\/v2\/media?parent=214"}],"curies":[{"name":"wp","href":"https:\/\/api.w.org\/{rel}","templated":true}]}}