{"id":251,"date":"2023-10-22T18:46:03","date_gmt":"2023-10-22T18:46:03","guid":{"rendered":"https:\/\/bfastman.ch\/?page_id=251"},"modified":"2024-01-06T14:19:32","modified_gmt":"2024-01-06T14:19:32","slug":"der-woertersturm","status":"publish","type":"page","link":"https:\/\/bfastman.ch\/index.php\/portfolio\/der-woertersturm\/","title":{"rendered":"Der W\u00f6rtersturm"},"content":{"rendered":"<p>[et_pb_section fb_built=&#187;1&#8243; _builder_version=&#187;4.22.2&#8243; global_colors_info=&#187;{}&#187; theme_builder_area=&#187;post_content&#187;][et_pb_row _builder_version=&#187;4.22.2&#8243; background_size=&#187;initial&#187; background_position=&#187;top_left&#187; background_repeat=&#187;repeat&#187; min_height=&#187;301px&#187; custom_margin=&#187;|auto|-153px|auto||&#187; custom_padding=&#187;64px||5px|||&#187; global_colors_info=&#187;{}&#187; theme_builder_area=&#187;post_content&#187;][et_pb_column type=&#187;4_4&#8243; _builder_version=&#187;4.16&#8243; custom_padding=&#187;|||&#187; global_colors_info=&#187;{}&#187; custom_padding__hover=&#187;|||&#187; theme_builder_area=&#187;post_content&#187;][et_pb_heading title=&#187;Der W\u00f6rtersturm: Ein Nonsens Slam&#187; _builder_version=&#187;4.22.2&#8243; _module_preset=&#187;default&#187; title_font=&#187;Montserrat|800|||||||&#187; title_text_align=&#187;center&#187; title_text_color=&#187;#000000&#8243; title_font_size=&#187;50px&#187; custom_margin=&#187;||7px|||&#187; title_font_size_tablet=&#187;50px&#187; title_font_size_phone=&#187;33px&#187; title_font_size_last_edited=&#187;on|phone&#187; global_colors_info=&#187;{}&#187; theme_builder_area=&#187;post_content&#187;][\/et_pb_heading][\/et_pb_column][\/et_pb_row][et_pb_row _builder_version=&#187;4.22.2&#8243; _module_preset=&#187;default&#187; global_colors_info=&#187;{}&#187; theme_builder_area=&#187;post_content&#187;][et_pb_column type=&#187;4_4&#8243; _builder_version=&#187;4.22.2&#8243; _module_preset=&#187;default&#187; global_colors_info=&#187;{}&#187; theme_builder_area=&#187;post_content&#187;][et_pb_text content_tablet=&#187;<\/p>\n<div class=%22et_pb_column_dropzone ui-sortable%22 data-row-address=%220.0%22 data-zone-index=%220%22><\/div>\n<div class=%22et_pb_column_dropzone ui-sortable%22 data-row-address=%220.0%22 data-zone-index=%221%22><\/div>\n<div class=%22et-module-2404b9b9-e728-49f3-9a57-0212b2651b27 et_pb_row ui-sortable et_pb_row_1 et-animated--vb et_pb_row_structure-4_4 ui-sortable-handle%22 data-address=%220.1%22 data-specialty-layout=%22false%22>\n<div class=%22et-module-d96001da-d434-468c-91d4-409a36b66549 et_pb_column ui-sortable et-animated--vb et_pb_column_4_4 et_pb_column_1 et-first-child et-last-child et_pb_with_border%22 data-address=%220.1.0%22>\n<div class=%22et-fb-mousetrap et-fb-mousetrap--column%22><\/div>\n<div class=%22et_fb_editing_enabled et-module-7e945b09-b56b-4d6f-aea9-6f465fd665af et_pb_text et_pb_module ui-sortable et_pb_text_0 et-animated--vb et_pb_text_align_center et_pb_bg_layout_light et-fb-module--short et-first-child et-last-child%22 data-address=%220.1.0.0%22 dynamic=%22%91object Object%93%22 matching=%22%91object Object%93%22 parent_slug=%22et_pb_column%22 theme_builder_suffix=%22%22 wp_editor_suffix=%22%22 wrapper_settings=%22%91object Object%93%22 _key=%227e945b09-b56b-4d6f-aea9-6f465fd665af%22>\n<div class=%22et_pb_text_inner%22>\n<div data-shortcode-id=%220.1.0.0-1698000322995%22 data-quickaccess-editable=%22yes%22 class=%22et-fb-popover-tinymce%22>\n<div class=%22mce-content-body%22 contenteditable=%22false%22>\n<p>Wie t\u00f6nt eigentlich ein Gewitter? Inspiriert durch die Onomatopoesie, der Lautmalerei, und dem Dadaismus schrieb ich diesen Poetry Slam, der aus Textelementen besteht, die nur Sinn machen, wenn sie ausgesprochen werden. Drum habe ich nicht lang Fisimatenten gemacht, mir ein Kuddelmuddel aus Gewittern angeh\u00f6rt und den Schnickschnack ruckzuck mit allem Pipapo auf Papier gebracht. Daneben gibt es so etwas wie Regieanweisungen, was im Text passiert.<\/p>\n<\/div>\n<\/div>\n<\/div>\n<\/div>\n<\/div>\n<\/div>\n<p>&#187; content_phone=&#187;<\/p>\n<div class=%22et_pb_column_dropzone ui-sortable%22 data-row-address=%220.0%22 data-zone-index=%220%22><\/div>\n<div class=%22et_pb_column_dropzone ui-sortable%22 data-row-address=%220.0%22 data-zone-index=%221%22><\/div>\n<div class=%22et-module-2404b9b9-e728-49f3-9a57-0212b2651b27 et_pb_row ui-sortable et_pb_row_1 et-animated--vb et_pb_row_structure-4_4 ui-sortable-handle%22 data-address=%220.1%22 data-specialty-layout=%22false%22>\n<div class=%22et-module-d96001da-d434-468c-91d4-409a36b66549 et_pb_column ui-sortable et-animated--vb et_pb_column_4_4 et_pb_column_1 et-first-child et-last-child et_pb_with_border%22 data-address=%220.1.0%22>\n<div class=%22et-fb-mousetrap et-fb-mousetrap--column%22><\/div>\n<div class=%22et_fb_editing_enabled et-module-7e945b09-b56b-4d6f-aea9-6f465fd665af et_pb_text et_pb_module ui-sortable et_pb_text_0 et-animated--vb et_pb_text_align_center et_pb_bg_layout_light et-fb-module--short et-first-child et-last-child%22 data-address=%220.1.0.0%22 dynamic=%22%91object Object%93%22 matching=%22%91object Object%93%22 parent_slug=%22et_pb_column%22 theme_builder_suffix=%22%22 wp_editor_suffix=%22%22 wrapper_settings=%22%91object Object%93%22 _key=%227e945b09-b56b-4d6f-aea9-6f465fd665af%22>\n<div class=%22et_pb_text_inner%22>\n<div data-shortcode-id=%220.1.0.0-1698000322995%22 data-quickaccess-editable=%22yes%22 class=%22et-fb-popover-tinymce%22>\n<div class=%22mce-content-body%22 contenteditable=%22false%22>\n<p>Wie t\u00f6nt eigentlich ein Gewitter? Inspiriert durch die Onomatopoesie, der Lautmalerei, und dem Dadaismus schrieb ich diesen Poetry Slam, der aus Textelementen besteht, die nur Sinn machen, wenn sie ausgesprochen werden. Drum habe ich nicht lang Fisimatenten gemacht, mir ein Kuddelmuddel aus Gewittern angeh\u00f6rt und den Schnickschnack ruckzuck mit allem Pipapo auf Papier gebracht. Daneben gibt es so etwas wie Regieanweisungen, was im Text passiert.<\/p>\n<\/div>\n<\/div>\n<\/div>\n<\/div>\n<\/div>\n<\/div>\n<p>&#187; content_last_edited=&#187;on|tablet&#187; _builder_version=&#187;4.22.2&#8243; _module_preset=&#187;default&#187; text_font=&#187;Montserrat||||||||&#187; text_font_size=&#187;18px&#187; text_orientation=&#187;center&#187; custom_margin=&#187;32px||0px|||&#187; hover_enabled=&#187;0&#8243; text_font_size_tablet=&#187;18px&#187; text_font_size_phone=&#187;12px&#187; text_font_size_last_edited=&#187;on|phone&#187; global_colors_info=&#187;{}&#187; theme_builder_area=&#187;post_content&#187; sticky_enabled=&#187;0&#8243;]<\/p>\n<p style=\"text-align: left;\">Wie t\u00f6nt eigentlich ein Gewitter? Inspiriert durch die Onomatopoesie, der Lautmalerei, und dem Dadaismus schrieb ich diesen Poetry Slam, der aus Textelementen besteht, die nur Sinn machen, wenn sie ausgesprochen werden. Drum habe ich nicht lang Fisimatenten gemacht, mir ein Kuddelmuddel aus Gewittern angeh\u00f6rt und den Schnickschnack ruckzuck mit allem Pipapo auf Papier gebracht. Daneben gibt es so etwas wie Regieanweisungen, was im Text passiert.<\/p>\n<p>[\/et_pb_text][\/et_pb_column][\/et_pb_row][et_pb_row _builder_version=&#187;4.22.2&#8243; _module_preset=&#187;default&#187; global_colors_info=&#187;{}&#187; theme_builder_area=&#187;post_content&#187;][et_pb_column type=&#187;4_4&#8243; _builder_version=&#187;4.22.2&#8243; _module_preset=&#187;default&#187; global_colors_info=&#187;{}&#187; theme_builder_area=&#187;post_content&#187;][et_pb_text _builder_version=&#187;4.22.2&#8243; _module_preset=&#187;default&#187; theme_builder_area=&#187;post_content&#187; hover_enabled=&#187;0&#8243; sticky_enabled=&#187;0&#8243;]<\/p>\n<p>\u00a0<b><span style=\"font-size: x-large;\">Der W\u00f6rtersturm<\/span><\/b><\/p>\n<p><b><span class=\"Apple-converted-space\"><\/span><\/b><\/p>\n<p><i>Ein Wind zieht auf:<span class=\"Apple-converted-space\">\u00a0<\/span><\/i><\/p>\n<p>Ffffffsssschhhhhhh schhhhhhhh sssssssssiisssssiiiis\u00fc\u00fc\u00fc schhhhzischhh,<span class=\"Apple-converted-space\">\u00a0<\/span><\/p>\n<p>schhhhhiiiiiiuuuuuschiiuuu schiu schiu schhhhhhiiuuuuuuu<span class=\"Apple-converted-space\">\u00a0<\/span><\/p>\n<p><span class=\"Apple-converted-space\"><\/span><\/p>\n<p><i>Blitz mit Donner:<span class=\"Apple-converted-space\">\u00a0<\/span><\/i><\/p>\n<p>bitziquu! TUTCHUUUU! vrmm vrmm<span class=\"Apple-converted-space\">\u00a0<\/span><\/p>\n<p><span class=\"Apple-converted-space\"><\/span><\/p>\n<p><i>St\u00e4rkerer Wind:<span class=\"Apple-converted-space\">\u00a0<\/span><\/i><\/p>\n<p>fffschhhhhuuuu schuuuuu schiuuuuuachh<span class=\"Apple-converted-space\">\u00a0<\/span><\/p>\n<p><span class=\"Apple-converted-space\"><\/span><\/p>\n<p><i>Sanftes Fallen von Regentropfen, das immer schneller wird:<span class=\"Apple-converted-space\">\u00a0<\/span><\/i><\/p>\n<p>do do do do do do dododo<span class=\"Apple-converted-space\">\u00a0<\/span><\/p>\n<p>Dsch dsch dschdschdschdschdschdsch<span class=\"Apple-converted-space\">\u00a0<\/span><\/p>\n<p><span class=\"Apple-converted-space\"><\/span><\/p>\n<p><i>Der Regen f\u00e4llt in Str\u00f6men:<span class=\"Apple-converted-space\">\u00a0<\/span><\/i><\/p>\n<p>Schlschlschlschlschlschlschlschlschlschlschlschlschlschlschlschl<span class=\"Apple-converted-space\">\u00a0<\/span><\/p>\n<p><span class=\"Apple-converted-space\"><\/span><\/p>\n<p><i>Sturm Strophen:<span class=\"Apple-converted-space\">\u00a0<\/span><\/i><\/p>\n<p>1. Stimme: schhhhhiiiiiiuuuuuschiiuuu SCHIU SCHIU schhhhhhiiuuuuuuu schuuuuu<span class=\"Apple-converted-space\">\u00a0<\/span><\/p>\n<p>2. Stimme: Schlschlschlschlschlschlschlschlschlschlschlchlschlschlschlschlschl<span class=\"Apple-converted-space\">\u00a0<\/span><\/p>\n<p>3. Stimme: bitziquu! Chuuuu TUTCHUUUU! vrmm vrmm vrmm<span class=\"Apple-converted-space\">\u00a0<\/span><\/p>\n<p>&nbsp;<\/p>\n<p>1. Stimme: fffschhhhhuuuu schiu sssssssssiisssssiiiis\u00fc\u00fc\u00fc SCHHHHZISCHHH<span class=\"Apple-converted-space\">\u00a0<\/span><\/p>\n<p>2. Stimme: Schlschlschlschlschlschlschlschlschlschlschlchlschlschlschlschl<span class=\"Apple-converted-space\">\u00a0<\/span><\/p>\n<p>3. Stimme: bitziquu! Chuuuuchuuu chuuu TUTCHUUUU! vrmm vrmm<span class=\"Apple-converted-space\">\u00a0<\/span><\/p>\n<p>&nbsp;<\/p>\n<p>1. Stimme: ffffffffschhhhhhiiiischuu sssssiiiiuuuussschuuu schuschzzzzz<span class=\"Apple-converted-space\">\u00a0<\/span><\/p>\n<p>2. Stimme: Schlschlschlschlschlschlschlschlschlschlschlchlschlschlschlschlschl<span class=\"Apple-converted-space\">\u00a0<\/span><\/p>\n<p>3. Stimme: bitziquu! Chuuuuchuuu chuuu chuuu TUTCHUUUU!<span class=\"Apple-converted-space\">\u00a0<\/span><\/p>\n<p>&nbsp;<\/p>\n<p><i>Der Wind wird schw\u00e4cher, der Regen h\u00f6rt auf<span class=\"Apple-converted-space\">\u00a0<\/span><\/i><\/p>\n<p>FFFFF fffff ffffff fffff ff ff ff ff f<span class=\"Apple-converted-space\">\u00a0<\/span><\/p>\n<p>Schlschlschl schl schl schl schl schl<span class=\"Apple-converted-space\">\u00a0<\/span><\/p>\n<p><span class=\"Apple-converted-space\"><\/span><\/p>\n<p><i>Der Sturm verzieht sich, einzelne Tropfen fallen in Pf\u00fctzen:<span class=\"Apple-converted-space\">\u00a0<\/span><\/i><\/p>\n<p>Pluip Pluip \u00a0 \u00a0 \u00a0 \u00a0 \u00a0 \u00a0 \u00a0Pluip \u00a0 \u00a0 \u00a0 \u00a0 \u00a0 \u00a0 \u00a0 \u00a0 \u00a0 \u00a0 \u00a0Pluip \u00a0 \u00a0 \u00a0 \u00a0 \u00a0 \u00a0 \u00a0 \u00a0 \u00a0 \u00a0 \u00a0 \u00a0 \u00a0 \u00a0 \u00a0 \u00a0 \u00a0 \u00a0 \u00a0 \u00a0 \u00a0Pluip \u00a0 \u00a0 \u00a0 \u00a0 \u00a0 \u00a0 \u00a0 \u00a0 \u00a0 \u00a0 \u00a0 \u00a0 \u00a0 \u00a0 \u00a0 \u00a0 \u00a0 \u00a0 \u00a0 \u00a0 \u00a0 \u00a0 \u00a0 \u00a0 \u00a0 \u00a0 \u00a0 \u00a0 \u00a0Pluip<span class=\"Apple-converted-space\">\u00a0<\/span><\/p>\n<p>[\/et_pb_text][\/et_pb_column][\/et_pb_row][\/et_pb_section]<\/p>\n","protected":false},"excerpt":{"rendered":"<p>Wie t\u00f6nt eigentlich ein Gewitter? Inspiriert durch die Onomatopoesie, der Lautmalerei, und dem Dadaismus schrieb ich diesen Poetry Slam, der aus Textelementen besteht, die nur Sinn machen, wenn sie ausgesprochen werden. Drum habe ich nicht lang Fisimatenten gemacht, mir ein Kuddelmuddel aus Gewittern angeh\u00f6rt und den Schnickschnack ruckzuck mit allem Pipapo auf Papier gebracht. Daneben [&hellip;]<\/p>\n","protected":false},"author":1,"featured_media":0,"parent":33,"menu_order":3,"comment_status":"closed","ping_status":"closed","template":"","meta":{"_et_pb_use_builder":"on","_et_pb_old_content":"","_et_gb_content_width":"","footnotes":""},"class_list":["post-251","page","type-page","status-publish","hentry"],"_links":{"self":[{"href":"https:\/\/bfastman.ch\/index.php\/wp-json\/wp\/v2\/pages\/251","targetHints":{"allow":["GET"]}}],"collection":[{"href":"https:\/\/bfastman.ch\/index.php\/wp-json\/wp\/v2\/pages"}],"about":[{"href":"https:\/\/bfastman.ch\/index.php\/wp-json\/wp\/v2\/types\/page"}],"author":[{"embeddable":true,"href":"https:\/\/bfastman.ch\/index.php\/wp-json\/wp\/v2\/users\/1"}],"replies":[{"embeddable":true,"href":"https:\/\/bfastman.ch\/index.php\/wp-json\/wp\/v2\/comments?post=251"}],"version-history":[{"count":4,"href":"https:\/\/bfastman.ch\/index.php\/wp-json\/wp\/v2\/pages\/251\/revisions"}],"predecessor-version":[{"id":290,"href":"https:\/\/bfastman.ch\/index.php\/wp-json\/wp\/v2\/pages\/251\/revisions\/290"}],"up":[{"embeddable":true,"href":"https:\/\/bfastman.ch\/index.php\/wp-json\/wp\/v2\/pages\/33"}],"wp:attachment":[{"href":"https:\/\/bfastman.ch\/index.php\/wp-json\/wp\/v2\/media?parent=251"}],"curies":[{"name":"wp","href":"https:\/\/api.w.org\/{rel}","templated":true}]}}